{"id":534,"date":"2020-07-26T10:51:33","date_gmt":"2020-07-26T10:51:33","guid":{"rendered":"http:\/\/celicboat.com\/?page_id=534"},"modified":"2021-11-20T12:41:08","modified_gmt":"2021-11-20T12:41:08","slug":"about-us","status":"publish","type":"page","link":"https:\/\/celicboat.com\/hr\/about-us\/","title":{"rendered":"O nama"},"content":{"rendered":"<div data-elementor-type=\"wp-page\" data-elementor-id=\"534\" class=\"elementor elementor-534\" data-elementor-settings=\"[]\">\n\t\t\t\t\t\t<div class=\"elementor-inner\">\n\t\t\t\t\t\t\t<div class=\"elementor-section-wrap\">\n\t\t\t\t\t\t\t<section class=\"elementor-section elementor-top-section elementor-element elementor-element-9f86de1 elementor-section-content-middle elementor-section-boxed elementor-section-height-default elementor-section-height-default\" data-id=\"9f86de1\" data-element_type=\"section\" data-settings=\"{&quot;background_background&quot;:&quot;classic&quot;}\">\n\t\t\t\t\t\t\t<div class=\"elementor-background-overlay\"><\/div>\n\t\t\t\t\t\t\t<div class=\"elementor-container elementor-column-gap-no\">\n\t\t\t\t\t\t\t<div class=\"elementor-row\">\n\t\t\t\t\t<div class=\"elementor-column elementor-col-50 elementor-top-column elementor-element elementor-element-1e969d4\" data-id=\"1e969d4\" data-element_type=\"column\" data-settings=\"{&quot;motion_fx_motion_fx_scrolling&quot;:&quot;yes&quot;,&quot;motion_fx_translateY_effect&quot;:&quot;yes&quot;,&quot;motion_fx_opacity_effect&quot;:&quot;yes&quot;,&quot;motion_fx_opacity_direction&quot;:&quot;in-out&quot;,&quot;motion_fx_opacity_range&quot;:{&quot;unit&quot;:&quot;%&quot;,&quot;size&quot;:&quot;&quot;,&quot;sizes&quot;:{&quot;start&quot;:53,&quot;end&quot;:83}},&quot;motion_fx_translateY_speed&quot;:{&quot;unit&quot;:&quot;px&quot;,&quot;size&quot;:4,&quot;sizes&quot;:[]},&quot;motion_fx_translateY_affectedRange&quot;:{&quot;unit&quot;:&quot;%&quot;,&quot;size&quot;:&quot;&quot;,&quot;sizes&quot;:{&quot;start&quot;:0,&quot;end&quot;:100}},&quot;motion_fx_opacity_level&quot;:{&quot;unit&quot;:&quot;px&quot;,&quot;size&quot;:10,&quot;sizes&quot;:[]},&quot;motion_fx_devices&quot;:[&quot;desktop&quot;,&quot;tablet&quot;,&quot;mobile&quot;]}\">\n\t\t\t<div class=\"elementor-column-wrap elementor-element-populated\">\n\t\t\t\t\t\t\t<div class=\"elementor-widget-wrap\">\n\t\t\t\t\t\t<div class=\"elementor-element elementor-element-29c5275 elementor-invisible elementor-widget elementor-widget-heading\" data-id=\"29c5275\" data-element_type=\"widget\" data-settings=\"{&quot;_animation&quot;:&quot;fadeInUp&quot;,&quot;_animation_delay&quot;:1000}\" data-widget_type=\"heading.default\">\n\t\t\t\t<div class=\"elementor-widget-container\">\n\t\t\t<h1 class=\"elementor-heading-title elementor-size-default\">Saznajte vi\u0161e o na\u0161oj obiteljskoj tvrtki<\/h1>\t\t<\/div>\n\t\t\t\t<\/div>\n\t\t\t\t<div class=\"elementor-element elementor-element-2f67523 elementor-icon-list--layout-inline elementor-widget__width-initial elementor-widget-mobile__width-inherit elementor-list-item-link-full_width elementor-invisible elementor-widget elementor-widget-icon-list\" data-id=\"2f67523\" data-element_type=\"widget\" data-settings=\"{&quot;_animation&quot;:&quot;fadeInUp&quot;,&quot;_animation_delay&quot;:1300}\" data-widget_type=\"icon-list.default\">\n\t\t\t\t<div class=\"elementor-widget-container\">\n\t\t\t\t\t<ul class=\"elementor-icon-list-items elementor-inline-items\">\n\t\t\t\t\t\t\t<li class=\"elementor-icon-list-item elementor-inline-item\">\n\t\t\t\t\t\t\t\t\t\t<span class=\"elementor-icon-list-text\">Learn the Story About Taxi Boat Celi\u0107 &amp; Celi\u0107 Boat<\/span>\n\t\t\t\t\t\t\t\t\t<\/li>\n\t\t\t\t\t\t<\/ul>\n\t\t\t\t<\/div>\n\t\t\t\t<\/div>\n\t\t\t\t\t\t<\/div>\n\t\t\t\t\t<\/div>\n\t\t<\/div>\n\t\t\t\t<div class=\"elementor-column elementor-col-50 elementor-top-column elementor-element elementor-element-d85045b elementor-invisible\" data-id=\"d85045b\" data-element_type=\"column\" data-settings=\"{&quot;animation&quot;:&quot;fadeInUp&quot;,&quot;animation_delay&quot;:1600,&quot;motion_fx_motion_fx_scrolling&quot;:&quot;yes&quot;,&quot;motion_fx_translateY_effect&quot;:&quot;yes&quot;,&quot;motion_fx_opacity_effect&quot;:&quot;yes&quot;,&quot;motion_fx_opacity_direction&quot;:&quot;in-out&quot;,&quot;motion_fx_opacity_range&quot;:{&quot;unit&quot;:&quot;%&quot;,&quot;size&quot;:&quot;&quot;,&quot;sizes&quot;:{&quot;start&quot;:50,&quot;end&quot;:80}},&quot;motion_fx_translateY_affectedRange&quot;:{&quot;unit&quot;:&quot;%&quot;,&quot;size&quot;:&quot;&quot;,&quot;sizes&quot;:{&quot;start&quot;:14,&quot;end&quot;:86}},&quot;motion_fx_translateY_speed&quot;:{&quot;unit&quot;:&quot;px&quot;,&quot;size&quot;:4,&quot;sizes&quot;:[]},&quot;motion_fx_opacity_level&quot;:{&quot;unit&quot;:&quot;px&quot;,&quot;size&quot;:10,&quot;sizes&quot;:[]},&quot;motion_fx_devices&quot;:[&quot;desktop&quot;,&quot;tablet&quot;,&quot;mobile&quot;]}\">\n\t\t\t<div class=\"elementor-column-wrap\">\n\t\t\t\t\t\t\t<div class=\"elementor-widget-wrap\">\n\t\t\t\t\t\t\t\t<\/div>\n\t\t\t\t\t<\/div>\n\t\t<\/div>\n\t\t\t\t\t\t\t\t<\/div>\n\t\t\t\t\t<\/div>\n\t\t<\/section>\n\t\t\t\t<section class=\"elementor-section elementor-top-section elementor-element elementor-element-9fde20f elementor-section-boxed elementor-section-height-default elementor-section-height-default\" data-id=\"9fde20f\" data-element_type=\"section\">\n\t\t\t\t\t\t<div class=\"elementor-container elementor-column-gap-default\">\n\t\t\t\t\t\t\t<div class=\"elementor-row\">\n\t\t\t\t\t<div class=\"elementor-column elementor-col-100 elementor-top-column elementor-element elementor-element-9511f42\" data-id=\"9511f42\" data-element_type=\"column\">\n\t\t\t<div class=\"elementor-column-wrap elementor-element-populated\">\n\t\t\t\t\t\t\t<div class=\"elementor-widget-wrap\">\n\t\t\t\t\t\t<div class=\"elementor-element elementor-element-e2f210e elementor-widget elementor-widget-heading\" data-id=\"e2f210e\" data-element_type=\"widget\" data-widget_type=\"heading.default\">\n\t\t\t\t<div class=\"elementor-widget-container\">\n\t\t\t<h2 class=\"elementor-heading-title elementor-size-default\">Our Family Story  <span class=\"heart-beat\">\u2764\ufe0f<\/span><\/h2>\t\t<\/div>\n\t\t\t\t<\/div>\n\t\t\t\t<div class=\"elementor-element elementor-element-eeb72cf elementor-view-default elementor-vertical-align-top elementor-widget elementor-widget-icon-box\" data-id=\"eeb72cf\" data-element_type=\"widget\" data-widget_type=\"icon-box.default\">\n\t\t\t\t<div class=\"elementor-widget-container\">\n\t\t\t\t\t<div class=\"elementor-icon-box-wrapper\">\n\t\t\t\t\t\t<div class=\"elementor-icon-box-content\">\n\t\t\t\t<h3 class=\"elementor-icon-box-title\">\n\t\t\t\t\t<span ><\/span>\n\t\t\t\t<\/h3>\n\t\t\t\t\t\t\t\t<p class=\"elementor-icon-box-description\">\nBrod Celi\u0107 \"taxi boat celi\u0107\" obiteljska je tvrtka osnovana 2010. godine i od tada se bavimo isklju\u010divo turizmom, na\u0161a djelatnost je organizacija i provedba jednodnevnih i poludnevnih izleta te brzi taxi transferi u \u0161ibenskom arhipelagu.\n<\/p>\n\t\t\t\t\t\t\t<\/div>\n\t\t<\/div>\n\t\t\t\t<\/div>\n\t\t\t\t<\/div>\n\t\t\t\t<div class=\"elementor-element elementor-element-62e51cc elementor-view-default elementor-vertical-align-top elementor-widget elementor-widget-icon-box\" data-id=\"62e51cc\" data-element_type=\"widget\" data-widget_type=\"icon-box.default\">\n\t\t\t\t<div class=\"elementor-widget-container\">\n\t\t\t\t\t<div class=\"elementor-icon-box-wrapper\">\n\t\t\t\t\t\t<div class=\"elementor-icon-box-content\">\n\t\t\t\t<h3 class=\"elementor-icon-box-title\">\n\t\t\t\t\t<span ><\/span>\n\t\t\t\t<\/h3>\n\t\t\t\t\t\t\t\t<p class=\"elementor-icon-box-description\">Imamo visokoobrazovano osoblje, najkvalitetniju i najbolju opremu, a osiguravamo i taksi prijevoz na sve otoke (Zlarin, Prvi\u0107, Obonjan, Zmajan, Solaris, Vodice, Kaprije, \u017dirje).<\/p>\n\t\t\t\t\t\t\t<\/div>\n\t\t<\/div>\n\t\t\t\t<\/div>\n\t\t\t\t<\/div>\n\t\t\t\t\t\t<\/div>\n\t\t\t\t\t<\/div>\n\t\t<\/div>\n\t\t\t\t\t\t\t\t<\/div>\n\t\t\t\t\t<\/div>\n\t\t<\/section>\n\t\t\t\t<section class=\"elementor-section elementor-top-section elementor-element elementor-element-411f8da elementor-section-boxed elementor-section-height-default elementor-section-height-default\" data-id=\"411f8da\" data-element_type=\"section\">\n\t\t\t\t\t\t<div class=\"elementor-container elementor-column-gap-default\">\n\t\t\t\t\t\t\t<div class=\"elementor-row\">\n\t\t\t\t\t<div class=\"elementor-column elementor-col-100 elementor-top-column elementor-element elementor-element-b8f50b4 elementor-invisible\" data-id=\"b8f50b4\" data-element_type=\"column\" data-settings=\"{&quot;animation&quot;:&quot;fadeInUp&quot;}\">\n\t\t\t<div class=\"elementor-column-wrap elementor-element-populated\">\n\t\t\t\t\t\t\t<div class=\"elementor-widget-wrap\">\n\t\t\t\t\t\t<div class=\"elementor-element elementor-element-8440aef elementor--star-style-star_unicode elementor-star-rating--align-center elementor-star-rating-mobile--align-center elementor-invisible elementor-widget elementor-widget-star-rating\" data-id=\"8440aef\" data-element_type=\"widget\" data-settings=\"{&quot;_animation&quot;:&quot;zoomIn&quot;,&quot;_animation_delay&quot;:200,&quot;motion_fx_motion_fx_scrolling&quot;:&quot;yes&quot;,&quot;motion_fx_scale_effect&quot;:&quot;yes&quot;,&quot;motion_fx_scale_range&quot;:{&quot;unit&quot;:&quot;%&quot;,&quot;size&quot;:&quot;&quot;,&quot;sizes&quot;:{&quot;start&quot;:17,&quot;end&quot;:87}},&quot;motion_fx_scale_speed&quot;:{&quot;unit&quot;:&quot;px&quot;,&quot;size&quot;:3,&quot;sizes&quot;:[]},&quot;motion_fx_scale_direction&quot;:&quot;out-in&quot;,&quot;motion_fx_devices&quot;:[&quot;desktop&quot;,&quot;tablet&quot;,&quot;mobile&quot;]}\" data-widget_type=\"star-rating.default\">\n\t\t\t\t<div class=\"elementor-widget-container\">\n\t\t\t\n\t\t<div class=\"elementor-star-rating__wrapper\">\n\t\t\t\t\t\t<div class=\"elementor-star-rating\" title=\"5\/5\" itemtype=\"http:\/\/schema.org\/Rating\" itemscope=\"\" itemprop=\"reviewRating\"><i class=\"elementor-star-full\">&#9733;<\/i><i class=\"elementor-star-full\">&#9733;<\/i><i class=\"elementor-star-full\">&#9733;<\/i><i class=\"elementor-star-full\">&#9733;<\/i><i class=\"elementor-star-full\">&#9733;<\/i> <span itemprop=\"ratingValue\" class=\"elementor-screen-only\">5\/5<\/span><\/div>\t\t<\/div>\n\t\t\t\t<\/div>\n\t\t\t\t<\/div>\n\t\t\t\t<div class=\"elementor-element elementor-element-0e88726 elementor-widget elementor-widget-heading\" data-id=\"0e88726\" data-element_type=\"widget\" data-widget_type=\"heading.default\">\n\t\t\t\t<div class=\"elementor-widget-container\">\n\t\t\t<h2 class=\"elementor-heading-title elementor-size-default translation-block\">Odaberite jednu od na\u0161ih tura i izleta i zapo\u010dnite <u> odmor sada! <\/u><\/h2>\t\t<\/div>\n\t\t\t\t<\/div>\n\t\t\t\t<div class=\"elementor-element elementor-element-fb0834e elementor-widget elementor-widget-text-editor\" data-id=\"fb0834e\" data-element_type=\"widget\" data-widget_type=\"text-editor.default\">\n\t\t\t\t<div class=\"elementor-widget-container\">\n\t\t\t\t\t\t\t\t<div class=\"elementor-text-editor elementor-clearfix\">\n\t\t\t\t\t<p class=\" translation-block\">Vi\u0161e od <strong>50 recenzija<\/strong> na Facebooku! \u0160to \u010deka\u0161!<\/p>\t\t\t\t\t<\/div>\n\t\t\t\t\t\t<\/div>\n\t\t\t\t<\/div>\n\t\t\t\t<div class=\"elementor-element elementor-element-fac0c01 elementor-align-center elementor-mobile-align-justify elementor-hidden-phone elementor-widget elementor-widget-button\" data-id=\"fac0c01\" data-element_type=\"widget\" data-widget_type=\"button.default\">\n\t\t\t\t<div class=\"elementor-widget-container\">\n\t\t\t\t\t<div class=\"elementor-button-wrapper\">\n\t\t\t<a href=\"https:\/\/celicboat.com\/hr\/contact\/\" class=\"elementor-button-link elementor-button elementor-size-xs\" role=\"button\">\n\t\t\t\t\t\t<span class=\"elementor-button-content-wrapper\">\n\t\t\t\t\t\t<span class=\"elementor-button-text\">Rezervirajte svoj odmor!<\/span>\n\t\t<\/span>\n\t\t\t\t\t<\/a>\n\t\t<\/div>\n\t\t\t\t<\/div>\n\t\t\t\t<\/div>\n\t\t\t\t<div class=\"elementor-element elementor-element-54e674a elementor-align-center elementor-mobile-align-justify elementor-hidden-desktop elementor-hidden-tablet elementor-widget elementor-widget-button\" data-id=\"54e674a\" data-element_type=\"widget\" data-widget_type=\"button.default\">\n\t\t\t\t<div class=\"elementor-widget-container\">\n\t\t\t\t\t<div class=\"elementor-button-wrapper\">\n\t\t\t<a href=\"tel:+385-91-130-1345\" class=\"elementor-button-link elementor-button elementor-size-xs\" role=\"button\">\n\t\t\t\t\t\t<span class=\"elementor-button-content-wrapper\">\n\t\t\t\t\t\t<span class=\"elementor-button-text\">Call Now for Booking!<\/span>\n\t\t<\/span>\n\t\t\t\t\t<\/a>\n\t\t<\/div>\n\t\t\t\t<\/div>\n\t\t\t\t<\/div>\n\t\t\t\t<div class=\"elementor-element elementor-element-1a46bd6 elementor-mobile-align-justify elementor-hidden-desktop elementor-hidden-tablet elementor-widget-mobile__width-initial elementor-widget elementor-widget-button\" data-id=\"1a46bd6\" data-element_type=\"widget\" data-widget_type=\"button.default\">\n\t\t\t\t<div class=\"elementor-widget-container\">\n\t\t\t\t\t<div class=\"elementor-button-wrapper\">\n\t\t\t<a href=\"https:\/\/celicboat.com\/hr\/contact\/\" class=\"elementor-button-link elementor-button elementor-size-xl\" role=\"button\">\n\t\t\t\t\t\t<span class=\"elementor-button-content-wrapper\">\n\t\t\t\t\t\t<span class=\"elementor-button-text\">Or Send Email!<\/span>\n\t\t<\/span>\n\t\t\t\t\t<\/a>\n\t\t<\/div>\n\t\t\t\t<\/div>\n\t\t\t\t<\/div>\n\t\t\t\t\t\t<\/div>\n\t\t\t\t\t<\/div>\n\t\t<\/div>\n\t\t\t\t\t\t\t\t<\/div>\n\t\t\t\t\t<\/div>\n\t\t<\/section>\n\t\t\t\t\t\t<\/div>\n\t\t\t\t\t\t<\/div>\n\t\t\t\t\t<\/div>","protected":false},"excerpt":{"rendered":"<p>Learn About Our Family Business Learn the Story About Taxi Boat Celi\u0107 &amp; Celi\u0107 Boat Our Family Story \u2764\ufe0f Celi\u0107 boat &#8220;taxi boat celi\u0107&#8221; is a family company founded in 2010 and since then we have been dealing exclusively with tourism, our activity is organizing and implementing one-day and half-day excursions and fast taxi transfers [&hellip;]<\/p>","protected":false},"author":1,"featured_media":263,"parent":0,"menu_order":0,"comment_status":"closed","ping_status":"closed","template":"elementor_header_footer","meta":[],"yoast_head":"<!-- This site is optimized with the Yoast SEO plugin v18.0 - https:\/\/yoast.com\/wordpress\/plugins\/seo\/ -->\n<title>About us - Small Local Business in Sibenik - Celic Boat Agency<\/title>\n<meta name=\"description\" content=\"Celi\u0107 boat &quot;taxi boat celi\u0107&quot; is a family company founded in 2010 and since then we have been dealing exclusively with tourism.\" \/>\n<meta name=\"robots\" content=\"index, follow, max-snippet:-1, max-image-preview:large, max-video-preview:-1\" \/>\n<link rel=\"canonical\" href=\"https:\/\/celicboat.com\/hr\/about-us\/\" \/>\n<meta property=\"og:locale\" content=\"hr_HR\" \/>\n<meta property=\"og:type\" content=\"article\" \/>\n<meta property=\"og:title\" content=\"About us - Small Local Business in Sibenik - Celic Boat Agency\" \/>\n<meta property=\"og:description\" content=\"Celi\u0107 boat &quot;taxi boat celi\u0107&quot; is a family company founded in 2010 and since then we have been dealing exclusively with tourism.\" \/>\n<meta property=\"og:url\" content=\"https:\/\/celicboat.com\/hr\/about-us\/\" \/>\n<meta property=\"og:site_name\" content=\"Celic Boat Agency\" \/>\n<meta property=\"article:modified_time\" content=\"2021-11-20T12:41:08+00:00\" \/>\n<meta property=\"og:image\" content=\"https:\/\/celicboat.com\/wp-content\/uploads\/2020\/06\/sdsdf.jpg\" \/>\n\t<meta property=\"og:image:width\" content=\"1024\" \/>\n\t<meta property=\"og:image:height\" content=\"575\" \/>\n\t<meta property=\"og:image:type\" content=\"image\/jpeg\" \/>\n<meta name=\"twitter:card\" content=\"summary_large_image\" \/>\n<meta name=\"twitter:label1\" content=\"Procijenjeno vrijeme \u010ditanja\" \/>\n\t<meta name=\"twitter:data1\" content=\"1 minuta\" \/>\n<script type=\"application\/ld+json\" class=\"yoast-schema-graph\">{\"@context\":\"https:\/\/schema.org\",\"@graph\":[{\"@type\":\"WebSite\",\"@id\":\"https:\/\/celicboat.com\/#website\",\"url\":\"https:\/\/celicboat.com\/\",\"name\":\"Celic Boat Agency\",\"description\":\"Just another WordPress site\",\"potentialAction\":[{\"@type\":\"SearchAction\",\"target\":{\"@type\":\"EntryPoint\",\"urlTemplate\":\"https:\/\/celicboat.com\/?s={search_term_string}\"},\"query-input\":\"required name=search_term_string\"}],\"inLanguage\":\"hr\"},{\"@type\":\"ImageObject\",\"@id\":\"https:\/\/celicboat.com\/about-us\/#primaryimage\",\"inLanguage\":\"hr\",\"url\":\"https:\/\/celicboat.com\/wp-content\/uploads\/2020\/06\/sdsdf.jpg\",\"contentUrl\":\"https:\/\/celicboat.com\/wp-content\/uploads\/2020\/06\/sdsdf.jpg\",\"width\":1024,\"height\":575},{\"@type\":\"WebPage\",\"@id\":\"https:\/\/celicboat.com\/about-us\/#webpage\",\"url\":\"https:\/\/celicboat.com\/about-us\/\",\"name\":\"About us - Small Local Business in Sibenik - Celic Boat Agency\",\"isPartOf\":{\"@id\":\"https:\/\/celicboat.com\/#website\"},\"primaryImageOfPage\":{\"@id\":\"https:\/\/celicboat.com\/about-us\/#primaryimage\"},\"datePublished\":\"2020-07-26T10:51:33+00:00\",\"dateModified\":\"2021-11-20T12:41:08+00:00\",\"description\":\"Celi\u0107 boat \\\"taxi boat celi\u0107\\\" is a family company founded in 2010 and since then we have been dealing exclusively with tourism.\",\"breadcrumb\":{\"@id\":\"https:\/\/celicboat.com\/about-us\/#breadcrumb\"},\"inLanguage\":\"hr\",\"potentialAction\":[{\"@type\":\"ReadAction\",\"target\":[\"https:\/\/celicboat.com\/about-us\/\"]}]},{\"@type\":\"BreadcrumbList\",\"@id\":\"https:\/\/celicboat.com\/about-us\/#breadcrumb\",\"itemListElement\":[{\"@type\":\"ListItem\",\"position\":1,\"name\":\"Home\",\"item\":\"https:\/\/celicboat.com\/\"},{\"@type\":\"ListItem\",\"position\":2,\"name\":\"About us\"}]}]}<\/script>\n<!-- \/ Yoast SEO plugin. -->","yoast_head_json":{"title":"About us - Small Local Business in Sibenik - Celic Boat Agency","description":"Celi\u0107 boat \"taxi boat celi\u0107\" is a family company founded in 2010 and since then we have been dealing exclusively with tourism.","robots":{"index":"index","follow":"follow","max-snippet":"max-snippet:-1","max-image-preview":"max-image-preview:large","max-video-preview":"max-video-preview:-1"},"canonical":"https:\/\/celicboat.com\/hr\/about-us\/","og_locale":"hr_HR","og_type":"article","og_title":"About us - Small Local Business in Sibenik - Celic Boat Agency","og_description":"Celi\u0107 boat \"taxi boat celi\u0107\" is a family company founded in 2010 and since then we have been dealing exclusively with tourism.","og_url":"https:\/\/celicboat.com\/hr\/about-us\/","og_site_name":"Celic Boat Agency","article_modified_time":"2021-11-20T12:41:08+00:00","og_image":[{"width":1024,"height":575,"url":"https:\/\/celicboat.com\/wp-content\/uploads\/2020\/06\/sdsdf.jpg","type":"image\/jpeg"}],"twitter_card":"summary_large_image","twitter_misc":{"Procijenjeno vrijeme \u010ditanja":"1 minuta"},"schema":{"@context":"https:\/\/schema.org","@graph":[{"@type":"WebSite","@id":"https:\/\/celicboat.com\/#website","url":"https:\/\/celicboat.com\/","name":"Celic Boat Agency","description":"Just another WordPress site","potentialAction":[{"@type":"SearchAction","target":{"@type":"EntryPoint","urlTemplate":"https:\/\/celicboat.com\/?s={search_term_string}"},"query-input":"required name=search_term_string"}],"inLanguage":"hr"},{"@type":"ImageObject","@id":"https:\/\/celicboat.com\/about-us\/#primaryimage","inLanguage":"hr","url":"https:\/\/celicboat.com\/wp-content\/uploads\/2020\/06\/sdsdf.jpg","contentUrl":"https:\/\/celicboat.com\/wp-content\/uploads\/2020\/06\/sdsdf.jpg","width":1024,"height":575},{"@type":"WebPage","@id":"https:\/\/celicboat.com\/about-us\/#webpage","url":"https:\/\/celicboat.com\/about-us\/","name":"About us - Small Local Business in Sibenik - Celic Boat Agency","isPartOf":{"@id":"https:\/\/celicboat.com\/#website"},"primaryImageOfPage":{"@id":"https:\/\/celicboat.com\/about-us\/#primaryimage"},"datePublished":"2020-07-26T10:51:33+00:00","dateModified":"2021-11-20T12:41:08+00:00","description":"Celi\u0107 boat \"taxi boat celi\u0107\" is a family company founded in 2010 and since then we have been dealing exclusively with tourism.","breadcrumb":{"@id":"https:\/\/celicboat.com\/about-us\/#breadcrumb"},"inLanguage":"hr","potentialAction":[{"@type":"ReadAction","target":["https:\/\/celicboat.com\/about-us\/"]}]},{"@type":"BreadcrumbList","@id":"https:\/\/celicboat.com\/about-us\/#breadcrumb","itemListElement":[{"@type":"ListItem","position":1,"name":"Home","item":"https:\/\/celicboat.com\/"},{"@type":"ListItem","position":2,"name":"About us"}]}]}},"_links":{"self":[{"href":"https:\/\/celicboat.com\/hr\/wp-json\/wp\/v2\/pages\/534"}],"collection":[{"href":"https:\/\/celicboat.com\/hr\/wp-json\/wp\/v2\/pages"}],"about":[{"href":"https:\/\/celicboat.com\/hr\/wp-json\/wp\/v2\/types\/page"}],"author":[{"embeddable":true,"href":"https:\/\/celicboat.com\/hr\/wp-json\/wp\/v2\/users\/1"}],"replies":[{"embeddable":true,"href":"https:\/\/celicboat.com\/hr\/wp-json\/wp\/v2\/comments?post=534"}],"version-history":[{"count":34,"href":"https:\/\/celicboat.com\/hr\/wp-json\/wp\/v2\/pages\/534\/revisions"}],"predecessor-version":[{"id":3237,"href":"https:\/\/celicboat.com\/hr\/wp-json\/wp\/v2\/pages\/534\/revisions\/3237"}],"wp:featuredmedia":[{"embeddable":true,"href":"https:\/\/celicboat.com\/hr\/wp-json\/wp\/v2\/media\/263"}],"wp:attachment":[{"href":"https:\/\/celicboat.com\/hr\/wp-json\/wp\/v2\/media?parent=534"}],"curies":[{"name":"wp","href":"https:\/\/api.w.org\/{rel}","templated":true}]}}